{"id":290,"date":"2023-06-08T06:58:09","date_gmt":"2023-06-08T06:58:09","guid":{"rendered":"http:\/\/formacioelgremigirona.cat\/?page_id=290"},"modified":"2025-02-12T15:37:00","modified_gmt":"2025-02-12T15:37:00","slug":"contacto","status":"publish","type":"page","link":"https:\/\/formacioelgremigirona.cat\/es\/contacto\/","title":{"rendered":"Contacto"},"content":{"rendered":"\n<h1>\n\t\tCONTACTO\n\t<\/h1>\n\t\n<div class=\"wpcf7 no-js\" id=\"wpcf7-f976-o1\" lang=\"es-ES\" dir=\"ltr\" data-wpcf7-id=\"976\">\n<div class=\"screen-reader-response\"><p role=\"status\" aria-live=\"polite\" aria-atomic=\"true\"><\/p> <ul><\/ul><\/div>\n<form action=\"\/es\/wp-json\/wp\/v2\/pages\/290#wpcf7-f976-o1\" method=\"post\" class=\"wpcf7-form init\" aria-label=\"Contact form\" novalidate=\"novalidate\" data-status=\"init\">\n<div style=\"display: none;\">\n<input type=\"hidden\" name=\"_wpcf7\" value=\"976\" \/>\n<input type=\"hidden\" name=\"_wpcf7_version\" value=\"6.0.6\" \/>\n<input type=\"hidden\" name=\"_wpcf7_locale\" value=\"es_ES\" \/>\n<input type=\"hidden\" name=\"_wpcf7_unit_tag\" value=\"wpcf7-f976-o1\" \/>\n<input type=\"hidden\" name=\"_wpcf7_container_post\" value=\"0\" \/>\n<input type=\"hidden\" name=\"_wpcf7_posted_data_hash\" value=\"\" \/>\n<\/div>\n<p><span class=\"wpcf7-form-control-wrap\" data-name=\"Nombreyapellidos\"><input size=\"40\" maxlength=\"400\" class=\"wpcf7-form-control wpcf7-text wpcf7-validates-as-required\" aria-required=\"true\" aria-invalid=\"false\" placeholder=\"Nombre y apellidos\" value=\"\" type=\"text\" name=\"Nombreyapellidos\" \/><\/span>\n<\/p>\n<p><span class=\"wpcf7-form-control-wrap\" data-name=\"Mail\"><input size=\"40\" maxlength=\"400\" class=\"wpcf7-form-control wpcf7-email wpcf7-validates-as-required wpcf7-text wpcf7-validates-as-email\" aria-required=\"true\" aria-invalid=\"false\" placeholder=\"E-mail\" value=\"\" type=\"email\" name=\"Mail\" \/><\/span>\n<\/p>\n<p><span class=\"wpcf7-form-control-wrap\" data-name=\"Comentario\"><textarea cols=\"40\" rows=\"3\" maxlength=\"2000\" class=\"wpcf7-form-control wpcf7-textarea wpcf7-validates-as-required\" aria-required=\"true\" aria-invalid=\"false\" placeholder=\"Comentario\" name=\"Comentario\"><\/textarea><\/span>\n<\/p>\n<p><span class=\"wpcf7-form-control-wrap\" data-name=\"textolegal\"><span class=\"wpcf7-form-control wpcf7-acceptance\"><span class=\"wpcf7-list-item\"><label><input type=\"checkbox\" name=\"textolegal\" value=\"1\" aria-invalid=\"false\" \/><span class=\"wpcf7-list-item-label\"><small>He le\u00eddo y acepto la pol\u00edtica de privacidad y acepto recibir informaci\u00f3n.<\/small><\/span><\/label><\/span><\/span><\/span>\n<\/p>\n<p><input class=\"wpcf7-form-control wpcf7-submit has-spinner\" type=\"submit\" value=\"Enviar\" \/>\n<\/p><p style=\"display: none !important;\" class=\"akismet-fields-container\" data-prefix=\"_wpcf7_ak_\"><label>&#916;<textarea name=\"_wpcf7_ak_hp_textarea\" cols=\"45\" rows=\"8\" maxlength=\"100\"><\/textarea><\/label><input type=\"hidden\" id=\"ak_js_1\" name=\"_wpcf7_ak_js\" value=\"243\"\/><script>document.getElementById( \"ak_js_1\" ).setAttribute( \"value\", ( new Date() ).getTime() );<\/script><\/p><div class=\"wpcf7-response-output\" aria-hidden=\"true\"><\/div>\n<\/form>\n<\/div>\n\n\t\n\n","protected":false},"excerpt":{"rendered":"<div class=\"entry-summary\">\n<div class=\"entry-summary\">\nCONTACTO\n<\/div>\n<div class=\"link-more\"><a href=\"https:\/\/formacioelgremigirona.cat\/es\/contacto\/\" class=\"more-link\">Continue reading<span class=\"screen-reader-text\"> &ldquo;Contacto&rdquo;<\/span>&hellip;<\/a><\/div>\n<\/div>\n<div class=\"link-more\"><a href=\"https:\/\/formacioelgremigirona.cat\/es\/contacto\/\" class=\"more-link\">Continue reading<span class=\"screen-reader-text\"> &ldquo;Contacto&rdquo;<\/span>&hellip;<\/a><\/div>\n","protected":false},"author":1,"featured_media":0,"parent":0,"menu_order":0,"comment_status":"closed","ping_status":"closed","template":"templates\/no-intro.php","meta":{"_acf_changed":false,"footnotes":""},"class_list":["post-290","page","type-page","status-publish","hentry","entry"],"acf":[],"yoast_head":"<!-- This site is optimized with the Yoast SEO plugin v25.1 - https:\/\/yoast.com\/wordpress\/plugins\/seo\/ -->\n<title>Contacto - EL GREMI \/ FORMACI\u00d3<\/title>\n<meta name=\"description\" content=\"Ponte en contacto con Lisardo Ad\u00e1n y resoldremos todas tus dudas sobre tus proyectos de arquitectura, sin compromisos.\" \/>\n<meta name=\"robots\" content=\"index, follow, max-snippet:-1, max-image-preview:large, max-video-preview:-1\" \/>\n<link rel=\"canonical\" href=\"https:\/\/formacioelgremigirona.cat\/es\/contacto\/\" \/>\n<meta property=\"og:locale\" content=\"es_ES\" \/>\n<meta property=\"og:type\" content=\"article\" \/>\n<meta property=\"og:title\" content=\"Contacto - EL GREMI \/ FORMACI\u00d3\" \/>\n<meta property=\"og:description\" content=\"Ponte en contacto con Lisardo Ad\u00e1n y resoldremos todas tus dudas sobre tus proyectos de arquitectura, sin compromisos.\" \/>\n<meta property=\"og:url\" content=\"https:\/\/formacioelgremigirona.cat\/es\/contacto\/\" \/>\n<meta property=\"og:site_name\" content=\"EL GREMI \/ FORMACI\u00d3\" \/>\n<meta property=\"article:modified_time\" content=\"2025-02-12T15:37:00+00:00\" \/>\n<meta name=\"twitter:card\" content=\"summary_large_image\" \/>\n<meta name=\"twitter:label1\" content=\"Tiempo de lectura\" \/>\n\t<meta name=\"twitter:data1\" content=\"1 minuto\" \/>\n<script type=\"application\/ld+json\" class=\"yoast-schema-graph\">{\"@context\":\"https:\/\/schema.org\",\"@graph\":[{\"@type\":\"WebPage\",\"@id\":\"https:\/\/formacioelgremigirona.cat\/es\/contacto\/\",\"url\":\"https:\/\/formacioelgremigirona.cat\/es\/contacto\/\",\"name\":\"Contacto - EL GREMI \/ FORMACI\u00d3\",\"isPartOf\":{\"@id\":\"https:\/\/formacioelgremigirona.cat\/es\/#website\"},\"datePublished\":\"2023-06-08T06:58:09+00:00\",\"dateModified\":\"2025-02-12T15:37:00+00:00\",\"description\":\"Ponte en contacto con Lisardo Ad\u00e1n y resoldremos todas tus dudas sobre tus proyectos de arquitectura, sin compromisos.\",\"breadcrumb\":{\"@id\":\"https:\/\/formacioelgremigirona.cat\/es\/contacto\/#breadcrumb\"},\"inLanguage\":\"es\",\"potentialAction\":[{\"@type\":\"ReadAction\",\"target\":[\"https:\/\/formacioelgremigirona.cat\/es\/contacto\/\"]}]},{\"@type\":\"BreadcrumbList\",\"@id\":\"https:\/\/formacioelgremigirona.cat\/es\/contacto\/#breadcrumb\",\"itemListElement\":[{\"@type\":\"ListItem\",\"position\":1,\"name\":\"Home\",\"item\":\"https:\/\/formacioelgremigirona.cat\/es\/\"},{\"@type\":\"ListItem\",\"position\":2,\"name\":\"Contacto\"}]},{\"@type\":\"WebSite\",\"@id\":\"https:\/\/formacioelgremigirona.cat\/es\/#website\",\"url\":\"https:\/\/formacioelgremigirona.cat\/es\/\",\"name\":\"EL GREMI \/ FORMACI\u00d3\",\"description\":\"Gremi d&#039;instal\u00b7ladors de Girona\",\"publisher\":{\"@id\":\"https:\/\/formacioelgremigirona.cat\/es\/#organization\"},\"potentialAction\":[{\"@type\":\"SearchAction\",\"target\":{\"@type\":\"EntryPoint\",\"urlTemplate\":\"https:\/\/formacioelgremigirona.cat\/es\/?s={search_term_string}\"},\"query-input\":{\"@type\":\"PropertyValueSpecification\",\"valueRequired\":true,\"valueName\":\"search_term_string\"}}],\"inLanguage\":\"es\"},{\"@type\":\"Organization\",\"@id\":\"https:\/\/formacioelgremigirona.cat\/es\/#organization\",\"name\":\"EL GREMI \/ FORMACI\u00d3\",\"url\":\"https:\/\/formacioelgremigirona.cat\/es\/\",\"logo\":{\"@type\":\"ImageObject\",\"inLanguage\":\"es\",\"@id\":\"https:\/\/formacioelgremigirona.cat\/es\/#\/schema\/logo\/image\/\",\"url\":\"https:\/\/formacioelgremigirona.cat\/wp-content\/uploads\/2025\/03\/cropped-cropped-Logotip_El_Gremi-copia-1.png\",\"contentUrl\":\"https:\/\/formacioelgremigirona.cat\/wp-content\/uploads\/2025\/03\/cropped-cropped-Logotip_El_Gremi-copia-1.png\",\"width\":614,\"height\":70,\"caption\":\"EL GREMI \/ FORMACI\u00d3\"},\"image\":{\"@id\":\"https:\/\/formacioelgremigirona.cat\/es\/#\/schema\/logo\/image\/\"}}]}<\/script>\n<!-- \/ Yoast SEO plugin. -->","yoast_head_json":{"title":"Contacto - EL GREMI \/ FORMACI\u00d3","description":"Ponte en contacto con Lisardo Ad\u00e1n y resoldremos todas tus dudas sobre tus proyectos de arquitectura, sin compromisos.","robots":{"index":"index","follow":"follow","max-snippet":"max-snippet:-1","max-image-preview":"max-image-preview:large","max-video-preview":"max-video-preview:-1"},"canonical":"https:\/\/formacioelgremigirona.cat\/es\/contacto\/","og_locale":"es_ES","og_type":"article","og_title":"Contacto - EL GREMI \/ FORMACI\u00d3","og_description":"Ponte en contacto con Lisardo Ad\u00e1n y resoldremos todas tus dudas sobre tus proyectos de arquitectura, sin compromisos.","og_url":"https:\/\/formacioelgremigirona.cat\/es\/contacto\/","og_site_name":"EL GREMI \/ FORMACI\u00d3","article_modified_time":"2025-02-12T15:37:00+00:00","twitter_card":"summary_large_image","twitter_misc":{"Tiempo de lectura":"1 minuto"},"schema":{"@context":"https:\/\/schema.org","@graph":[{"@type":"WebPage","@id":"https:\/\/formacioelgremigirona.cat\/es\/contacto\/","url":"https:\/\/formacioelgremigirona.cat\/es\/contacto\/","name":"Contacto - EL GREMI \/ FORMACI\u00d3","isPartOf":{"@id":"https:\/\/formacioelgremigirona.cat\/es\/#website"},"datePublished":"2023-06-08T06:58:09+00:00","dateModified":"2025-02-12T15:37:00+00:00","description":"Ponte en contacto con Lisardo Ad\u00e1n y resoldremos todas tus dudas sobre tus proyectos de arquitectura, sin compromisos.","breadcrumb":{"@id":"https:\/\/formacioelgremigirona.cat\/es\/contacto\/#breadcrumb"},"inLanguage":"es","potentialAction":[{"@type":"ReadAction","target":["https:\/\/formacioelgremigirona.cat\/es\/contacto\/"]}]},{"@type":"BreadcrumbList","@id":"https:\/\/formacioelgremigirona.cat\/es\/contacto\/#breadcrumb","itemListElement":[{"@type":"ListItem","position":1,"name":"Home","item":"https:\/\/formacioelgremigirona.cat\/es\/"},{"@type":"ListItem","position":2,"name":"Contacto"}]},{"@type":"WebSite","@id":"https:\/\/formacioelgremigirona.cat\/es\/#website","url":"https:\/\/formacioelgremigirona.cat\/es\/","name":"EL GREMI \/ FORMACI\u00d3","description":"Gremi d&#039;instal\u00b7ladors de Girona","publisher":{"@id":"https:\/\/formacioelgremigirona.cat\/es\/#organization"},"potentialAction":[{"@type":"SearchAction","target":{"@type":"EntryPoint","urlTemplate":"https:\/\/formacioelgremigirona.cat\/es\/?s={search_term_string}"},"query-input":{"@type":"PropertyValueSpecification","valueRequired":true,"valueName":"search_term_string"}}],"inLanguage":"es"},{"@type":"Organization","@id":"https:\/\/formacioelgremigirona.cat\/es\/#organization","name":"EL GREMI \/ FORMACI\u00d3","url":"https:\/\/formacioelgremigirona.cat\/es\/","logo":{"@type":"ImageObject","inLanguage":"es","@id":"https:\/\/formacioelgremigirona.cat\/es\/#\/schema\/logo\/image\/","url":"https:\/\/formacioelgremigirona.cat\/wp-content\/uploads\/2025\/03\/cropped-cropped-Logotip_El_Gremi-copia-1.png","contentUrl":"https:\/\/formacioelgremigirona.cat\/wp-content\/uploads\/2025\/03\/cropped-cropped-Logotip_El_Gremi-copia-1.png","width":614,"height":70,"caption":"EL GREMI \/ FORMACI\u00d3"},"image":{"@id":"https:\/\/formacioelgremigirona.cat\/es\/#\/schema\/logo\/image\/"}}]}},"_links":{"self":[{"href":"https:\/\/formacioelgremigirona.cat\/es\/wp-json\/wp\/v2\/pages\/290","targetHints":{"allow":["GET"]}}],"collection":[{"href":"https:\/\/formacioelgremigirona.cat\/es\/wp-json\/wp\/v2\/pages"}],"about":[{"href":"https:\/\/formacioelgremigirona.cat\/es\/wp-json\/wp\/v2\/types\/page"}],"author":[{"embeddable":true,"href":"https:\/\/formacioelgremigirona.cat\/es\/wp-json\/wp\/v2\/users\/1"}],"replies":[{"embeddable":true,"href":"https:\/\/formacioelgremigirona.cat\/es\/wp-json\/wp\/v2\/comments?post=290"}],"version-history":[{"count":10,"href":"https:\/\/formacioelgremigirona.cat\/es\/wp-json\/wp\/v2\/pages\/290\/revisions"}],"predecessor-version":[{"id":1331,"href":"https:\/\/formacioelgremigirona.cat\/es\/wp-json\/wp\/v2\/pages\/290\/revisions\/1331"}],"wp:attachment":[{"href":"https:\/\/formacioelgremigirona.cat\/es\/wp-json\/wp\/v2\/media?parent=290"}],"curies":[{"name":"wp","href":"https:\/\/api.w.org\/{rel}","templated":true}]}}